{"id":2,"date":"2019-07-15T18:15:27","date_gmt":"2019-07-15T21:15:27","guid":{"rendered":"http:\/\/localhost\/jobs\/lemaconsult.com.br\/?page_id=2"},"modified":"2019-08-11T10:14:48","modified_gmt":"2019-08-11T13:14:48","slug":"home","status":"publish","type":"page","link":"https:\/\/lemaconsult.com.br\/en\/","title":{"rendered":"Home"},"content":{"rendered":"<div data-elementor-type=\"wp-page\" data-elementor-id=\"2\" class=\"elementor elementor-2\">\n\t\t\t\t\t\t<section class=\"elementor-section elementor-top-section elementor-element elementor-element-b0bbca4 elementor-section-height-full elementor-section-boxed elementor-section-height-default elementor-section-items-middle\" data-id=\"b0bbca4\" data-element_type=\"section\" data-settings=\"{&quot;background_background&quot;:&quot;classic&quot;}\">\n\t\t\t\t\t\t\t<div class=\"elementor-background-overlay\"><\/div>\n\t\t\t\t\t\t\t<div class=\"elementor-container elementor-column-gap-default\">\n\t\t\t\t\t<div class=\"elementor-column elementor-col-100 elementor-top-column elementor-element elementor-element-909a796\" data-id=\"909a796\" data-element_type=\"column\">\n\t\t\t<div class=\"elementor-widget-wrap elementor-element-populated\">\n\t\t\t\t\t\t<div class=\"elementor-element elementor-element-2741541 elementor-widget elementor-widget-heading\" data-id=\"2741541\" data-element_type=\"widget\" data-widget_type=\"heading.default\">\n\t\t\t\t<div class=\"elementor-widget-container\">\n\t\t\t<h1 class=\"elementor-heading-title elementor-size-default\">LEMA Consulting<\/h1>\t\t<\/div>\n\t\t\t\t<\/div>\n\t\t\t\t<div class=\"elementor-element elementor-element-00a67a5 elementor-widget elementor-widget-heading\" data-id=\"00a67a5\" data-element_type=\"widget\" data-widget_type=\"heading.default\">\n\t\t\t\t<div class=\"elementor-widget-container\">\n\t\t\t<h2 class=\"elementor-heading-title elementor-size-default\">A government relations consulting firm located in Bras\u00edlia, Brazil.<\/h2>\t\t<\/div>\n\t\t\t\t<\/div>\n\t\t\t\t<div class=\"elementor-element elementor-element-351b26e elementor-align-center elementor-widget elementor-widget-button\" data-id=\"351b26e\" data-element_type=\"widget\" data-widget_type=\"button.default\">\n\t\t\t\t<div class=\"elementor-widget-container\">\n\t\t\t\t\t<div class=\"elementor-button-wrapper\">\n\t\t\t<a class=\"elementor-button elementor-button-link elementor-size-lg\" href=\"https:\/\/lemaconsult.com.br\/en\/quem-somos\/\">\n\t\t\t\t\t\t<span class=\"elementor-button-content-wrapper\">\n\t\t\t\t\t\t\t\t\t<span class=\"elementor-button-text\">conhe\u00e7a melhor<\/span>\n\t\t\t\t\t<\/span>\n\t\t\t\t\t<\/a>\n\t\t<\/div>\n\t\t\t\t<\/div>\n\t\t\t\t<\/div>\n\t\t\t\t\t<\/div>\n\t\t<\/div>\n\t\t\t\t\t<\/div>\n\t\t<\/section>\n\t\t\t\t<section class=\"elementor-section elementor-top-section elementor-element elementor-element-8aea595 elementor-section-boxed elementor-section-height-default elementor-section-height-default\" data-id=\"8aea595\" data-element_type=\"section\">\n\t\t\t\t\t\t<div class=\"elementor-container elementor-column-gap-wider\">\n\t\t\t\t\t<div class=\"elementor-column elementor-col-33 elementor-top-column elementor-element elementor-element-3996caf\" data-id=\"3996caf\" data-element_type=\"column\">\n\t\t\t<div class=\"elementor-widget-wrap elementor-element-populated\">\n\t\t\t\t\t\t<div class=\"elementor-element elementor-element-8cbba6d elementor-view-default elementor-position-top elementor-mobile-position-top elementor-widget elementor-widget-icon-box\" data-id=\"8cbba6d\" data-element_type=\"widget\" data-widget_type=\"icon-box.default\">\n\t\t\t\t<div class=\"elementor-widget-container\">\n\t\t\t\t\t<div class=\"elementor-icon-box-wrapper\">\n\n\t\t\t\t\t\t<div class=\"elementor-icon-box-icon\">\n\t\t\t\t<a href=\"https:\/\/lemaconsult.com.br\/en\/nossa-experiencia\/\" class=\"elementor-icon elementor-animation-\" tabindex=\"-1\">\n\t\t\t\t<i aria-hidden=\"true\" class=\"fas fa-chess-queen\"><\/i>\t\t\t\t<\/a>\n\t\t\t<\/div>\n\t\t\t\n\t\t\t\t\t\t<div class=\"elementor-icon-box-content\">\n\n\t\t\t\t\t\t\t\t\t<h3 class=\"elementor-icon-box-title\">\n\t\t\t\t\t\t<a href=\"https:\/\/lemaconsult.com.br\/en\/nossa-experiencia\/\" >\n\t\t\t\t\t\t\tExperi\u00eancia <br>& Credibilidade\t\t\t\t\t\t<\/a>\n\t\t\t\t\t<\/h3>\n\t\t\t\t\n\t\t\t\t\n\t\t\t<\/div>\n\t\t\t\n\t\t<\/div>\n\t\t\t\t<\/div>\n\t\t\t\t<\/div>\n\t\t\t\t\t<\/div>\n\t\t<\/div>\n\t\t\t\t<div class=\"elementor-column elementor-col-33 elementor-top-column elementor-element elementor-element-4ce8a57\" data-id=\"4ce8a57\" data-element_type=\"column\">\n\t\t\t<div class=\"elementor-widget-wrap elementor-element-populated\">\n\t\t\t\t\t\t<div class=\"elementor-element elementor-element-828348b elementor-view-default elementor-position-top elementor-mobile-position-top elementor-widget elementor-widget-icon-box\" data-id=\"828348b\" data-element_type=\"widget\" data-widget_type=\"icon-box.default\">\n\t\t\t\t<div class=\"elementor-widget-container\">\n\t\t\t\t\t<div class=\"elementor-icon-box-wrapper\">\n\n\t\t\t\t\t\t<div class=\"elementor-icon-box-icon\">\n\t\t\t\t<a href=\"https:\/\/lemaconsult.com.br\/en\/quem-somos\/\" class=\"elementor-icon elementor-animation-\" tabindex=\"-1\">\n\t\t\t\t<i aria-hidden=\"true\" class=\"fas fa-door-open\"><\/i>\t\t\t\t<\/a>\n\t\t\t<\/div>\n\t\t\t\n\t\t\t\t\t\t<div class=\"elementor-icon-box-content\">\n\n\t\t\t\t\t\t\t\t\t<h3 class=\"elementor-icon-box-title\">\n\t\t\t\t\t\t<a href=\"https:\/\/lemaconsult.com.br\/en\/quem-somos\/\" >\n\t\t\t\t\t\t\tConsultoria<br> Especializada\t\t\t\t\t\t<\/a>\n\t\t\t\t\t<\/h3>\n\t\t\t\t\n\t\t\t\t\n\t\t\t<\/div>\n\t\t\t\n\t\t<\/div>\n\t\t\t\t<\/div>\n\t\t\t\t<\/div>\n\t\t\t\t\t<\/div>\n\t\t<\/div>\n\t\t\t\t<div class=\"elementor-column elementor-col-33 elementor-top-column elementor-element elementor-element-6d07923\" data-id=\"6d07923\" data-element_type=\"column\">\n\t\t\t<div class=\"elementor-widget-wrap elementor-element-populated\">\n\t\t\t\t\t\t<div class=\"elementor-element elementor-element-74ad6fb elementor-view-default elementor-position-top elementor-mobile-position-top elementor-widget elementor-widget-icon-box\" data-id=\"74ad6fb\" data-element_type=\"widget\" data-widget_type=\"icon-box.default\">\n\t\t\t\t<div class=\"elementor-widget-container\">\n\t\t\t\t\t<div class=\"elementor-icon-box-wrapper\">\n\n\t\t\t\t\t\t<div class=\"elementor-icon-box-icon\">\n\t\t\t\t<a href=\"https:\/\/lemaconsult.com.br\/en\/como-atuamos\/\" class=\"elementor-icon elementor-animation-\" tabindex=\"-1\">\n\t\t\t\t<i aria-hidden=\"true\" class=\"far fa-handshake\"><\/i>\t\t\t\t<\/a>\n\t\t\t<\/div>\n\t\t\t\n\t\t\t\t\t\t<div class=\"elementor-icon-box-content\">\n\n\t\t\t\t\t\t\t\t\t<h3 class=\"elementor-icon-box-title\">\n\t\t\t\t\t\t<a href=\"https:\/\/lemaconsult.com.br\/en\/como-atuamos\/\" >\n\t\t\t\t\t\t\tRelacionamento Governamental\t\t\t\t\t\t<\/a>\n\t\t\t\t\t<\/h3>\n\t\t\t\t\n\t\t\t\t\n\t\t\t<\/div>\n\t\t\t\n\t\t<\/div>\n\t\t\t\t<\/div>\n\t\t\t\t<\/div>\n\t\t\t\t\t<\/div>\n\t\t<\/div>\n\t\t\t\t\t<\/div>\n\t\t<\/section>\n\t\t\t\t<section class=\"elementor-section elementor-top-section elementor-element elementor-element-c5c4019 elementor-section-height-min-height elementor-section-boxed elementor-section-height-default elementor-section-items-middle\" data-id=\"c5c4019\" data-element_type=\"section\" data-settings=\"{&quot;background_background&quot;:&quot;classic&quot;}\">\n\t\t\t\t\t\t<div class=\"elementor-container elementor-column-gap-default\">\n\t\t\t\t\t<div class=\"elementor-column elementor-col-100 elementor-top-column elementor-element elementor-element-9172cf7\" data-id=\"9172cf7\" data-element_type=\"column\">\n\t\t\t<div class=\"elementor-widget-wrap elementor-element-populated\">\n\t\t\t\t\t\t<div class=\"elementor-element elementor-element-c719c9e elementor-view-default elementor-widget elementor-widget-icon\" data-id=\"c719c9e\" data-element_type=\"widget\" data-widget_type=\"icon.default\">\n\t\t\t\t<div class=\"elementor-widget-container\">\n\t\t\t\t\t<div class=\"elementor-icon-wrapper\">\n\t\t\t<a class=\"elementor-icon\" href=\"https:\/\/lemaconsult.com.br\/en\/\">\n\t\t\t<svg xmlns=\"http:\/\/www.w3.org\/2000\/svg\" viewbox=\"0 0 105.57 105.56\"><defs><style>.cls-1{fill:#dd334b;}<\/style><\/defs><title>faviconAtivo 3logo<\/title><g id=\"Camada_2\" data-name=\"Camada 2\"><g id=\"Camada_1-2\" data-name=\"Camada 1\"><polygon class=\"cls-1\" points=\"52.79 84.54 10.51 42.26 0 52.77 52.79 105.56 78.22 80.12 67.71 69.61 52.79 84.54\"><\/polygon><polygon class=\"cls-1\" points=\"95.07 42.26 95.06 42.26 52.8 0 21.15 31.65 31.63 42.13 52.77 20.98 63.4 31.62 42.26 52.76 52.77 63.27 73.91 42.13 84.56 52.77 78.34 58.99 88.85 69.49 105.57 52.77 95.07 42.26\"><\/polygon><\/g><\/g><\/svg>\t\t\t<\/a>\n\t\t<\/div>\n\t\t\t\t<\/div>\n\t\t\t\t<\/div>\n\t\t\t\t<div class=\"elementor-element elementor-element-784d30f elementor-widget elementor-widget-heading\" data-id=\"784d30f\" data-element_type=\"widget\" data-widget_type=\"heading.default\">\n\t\t\t\t<div class=\"elementor-widget-container\">\n\t\t\t<h1 class=\"elementor-heading-title elementor-size-default\">Let's Talk?<\/h1>\t\t<\/div>\n\t\t\t\t<\/div>\n\t\t\t\t<div class=\"elementor-element elementor-element-bedcab8 elementor-widget elementor-widget-heading\" data-id=\"bedcab8\" data-element_type=\"widget\" data-widget_type=\"heading.default\">\n\t\t\t\t<div class=\"elementor-widget-container\">\n\t\t\t<p class=\"elementor-heading-title elementor-size-default\">A LEMA Consultoria \u00e9 um escrit\u00f3rio de relacionamento com o Setor P\u00fablico localizado em Bras\u00edlia\/DF. Clique no link abaixo e agende uma reuni\u00e3o.\n\n<\/p>\t\t<\/div>\n\t\t\t\t<\/div>\n\t\t\t\t<div class=\"elementor-element elementor-element-72241e8 elementor-align-center elementor-widget elementor-widget-button\" data-id=\"72241e8\" data-element_type=\"widget\" data-widget_type=\"button.default\">\n\t\t\t\t<div class=\"elementor-widget-container\">\n\t\t\t\t\t<div class=\"elementor-button-wrapper\">\n\t\t\t<a class=\"elementor-button elementor-button-link elementor-size-md\" href=\"https:\/\/lemaconsult.com.br\/en\/contato\/\">\n\t\t\t\t\t\t<span class=\"elementor-button-content-wrapper\">\n\t\t\t\t\t\t\t\t\t<span class=\"elementor-button-text\">Send Message<\/span>\n\t\t\t\t\t<\/span>\n\t\t\t\t\t<\/a>\n\t\t<\/div>\n\t\t\t\t<\/div>\n\t\t\t\t<\/div>\n\t\t\t\t<div class=\"elementor-element elementor-element-dd08196 elementor-widget elementor-widget-heading\" data-id=\"dd08196\" data-element_type=\"widget\" data-widget_type=\"heading.default\">\n\t\t\t\t<div class=\"elementor-widget-container\">\n\t\t\t<h4 class=\"elementor-heading-title elementor-size-default\">Ou ligue-nos:<\/h4>\t\t<\/div>\n\t\t\t\t<\/div>\n\t\t\t\t<div class=\"elementor-element elementor-element-e301ae5 elementor-widget elementor-widget-heading\" data-id=\"e301ae5\" data-element_type=\"widget\" data-widget_type=\"heading.default\">\n\t\t\t\t<div class=\"elementor-widget-container\">\n\t\t\t<h2 class=\"elementor-heading-title elementor-size-default\"><a href=\"tel:5561998835328\">+55 (61) 99883-5328<\/a><\/h2>\t\t<\/div>\n\t\t\t\t<\/div>\n\t\t\t\t\t<\/div>\n\t\t<\/div>\n\t\t\t\t\t<\/div>\n\t\t<\/section>\n\t\t\t\t<\/div>","protected":false},"excerpt":{"rendered":"<p>LEMA Consultoria Um Escrit\u00f3rio de Relacionamento com o Setor P\u00fablico localizado em Bras\u00edlia. conhe\u00e7a melhor Experi\u00eancia &#038; Credibilidade Consultoria Especializada Relacionamento Governamental faviconAtivo 3logo Vamos Conversar? A LEMA Consultoria \u00e9 um escrit\u00f3rio de relacionamento com o Setor P\u00fablico localizado em Bras\u00edlia\/DF. Clique no link abaixo e agende uma reuni\u00e3o. enviar mensagem Ou ligue-nos: +55 (61) &hellip;<\/p>\n<p class=\"read-more\"> <a class=\"\" href=\"https:\/\/lemaconsult.com.br\/en\/\"> <span class=\"screen-reader-text\">Home<\/span> Read More &raquo;<\/a><\/p>","protected":false},"author":1,"featured_media":0,"parent":0,"menu_order":0,"comment_status":"closed","ping_status":"closed","template":"","meta":{"loftloader_page_shortcode":"","site-sidebar-layout":"no-sidebar","site-content-layout":"page-builder","ast-global-header-display":"","ast-main-header-display":"","ast-hfb-above-header-display":"","ast-hfb-below-header-display":"","ast-hfb-mobile-header-display":"","site-post-title":"disabled","ast-breadcrumbs-content":"","ast-featured-img":"disabled","footer-sml-layout":"","theme-transparent-header-meta":"enabled","adv-header-id-meta":"","stick-header-meta":"","header-above-stick-meta":"","header-main-stick-meta":"","header-below-stick-meta":""},"yoast_head":"<!-- This site is optimized with the Yoast SEO plugin v20.12 - https:\/\/yoast.com\/wordpress\/plugins\/seo\/ -->\n<title>LEMA Consultoria - Escrit\u00f3rio de Relacionamento com o Setor P\u00fablico<\/title>\n<meta name=\"description\" content=\"Um novo Escrit\u00f3rio de Relacionamento com o Setor P\u00fablico, localizado em Bras\u00edlia e \u00e0 disposi\u00e7\u00e3o das empresas nacionais e estrangeiras.\" \/>\n<meta name=\"robots\" content=\"index, follow, max-snippet:-1, max-image-preview:large, max-video-preview:-1\" \/>\n<link rel=\"canonical\" href=\"https:\/\/lemaconsult.com.br\/en\/\" \/>\n<meta property=\"og:locale\" content=\"en_US\" \/>\n<meta property=\"og:type\" content=\"article\" \/>\n<meta property=\"og:title\" content=\"LEMA Consultoria - Escrit\u00f3rio de Relacionamento com o Setor P\u00fablico\" \/>\n<meta property=\"og:description\" content=\"Um novo Escrit\u00f3rio de Relacionamento com o Setor P\u00fablico, localizado em Bras\u00edlia e \u00e0 disposi\u00e7\u00e3o das empresas nacionais e estrangeiras.\" \/>\n<meta property=\"og:url\" content=\"https:\/\/lemaconsult.com.br\/en\/\" \/>\n<meta property=\"og:site_name\" content=\"LEMA Consultoria\" \/>\n<meta property=\"article:modified_time\" content=\"2019-08-11T13:14:48+00:00\" \/>\n<meta property=\"og:image\" content=\"https:\/\/lemaconsult.com.br\/wp-content\/uploads\/2019\/07\/banner-3.jpg\" \/>\n\t<meta property=\"og:image:width\" content=\"1596\" \/>\n\t<meta property=\"og:image:height\" content=\"788\" \/>\n\t<meta property=\"og:image:type\" content=\"image\/jpeg\" \/>\n<meta name=\"twitter:card\" content=\"summary_large_image\" \/>\n<meta name=\"twitter:title\" content=\"LEMA Consultoria - Escrit\u00f3rio de Relacionamento com o Setor P\u00fablico\" \/>\n<meta name=\"twitter:description\" content=\"Um novo Escrit\u00f3rio de Relacionamento com o Setor P\u00fablico, localizado em Bras\u00edlia e \u00e0 disposi\u00e7\u00e3o das empresas nacionais e estrangeiras.\" \/>\n<meta name=\"twitter:image\" content=\"https:\/\/lemaconsult.com.br\/wp-content\/uploads\/2019\/07\/banner-3.jpg\" \/>\n<script type=\"application\/ld+json\" class=\"yoast-schema-graph\">{\"@context\":\"https:\/\/schema.org\",\"@graph\":[{\"@type\":\"WebPage\",\"@id\":\"https:\/\/lemaconsult.com.br\/\",\"url\":\"https:\/\/lemaconsult.com.br\/\",\"name\":\"LEMA Consultoria - Escrit\u00f3rio de Relacionamento com o Setor P\u00fablico\",\"isPartOf\":{\"@id\":\"https:\/\/lemaconsult.com.br\/#website\"},\"datePublished\":\"2019-07-15T21:15:27+00:00\",\"dateModified\":\"2019-08-11T13:14:48+00:00\",\"description\":\"Um novo Escrit\u00f3rio de Relacionamento com o Setor P\u00fablico, localizado em Bras\u00edlia e \u00e0 disposi\u00e7\u00e3o das empresas nacionais e estrangeiras.\",\"breadcrumb\":{\"@id\":\"https:\/\/lemaconsult.com.br\/#breadcrumb\"},\"inLanguage\":\"en-US\",\"potentialAction\":[{\"@type\":\"ReadAction\",\"target\":[\"https:\/\/lemaconsult.com.br\/\"]}]},{\"@type\":\"BreadcrumbList\",\"@id\":\"https:\/\/lemaconsult.com.br\/#breadcrumb\",\"itemListElement\":[{\"@type\":\"ListItem\",\"position\":1,\"name\":\"In\u00edcio\",\"item\":\"https:\/\/lemaconsult.com.br\/\"},{\"@type\":\"ListItem\",\"position\":2,\"name\":\"Home\"}]},{\"@type\":\"WebSite\",\"@id\":\"https:\/\/lemaconsult.com.br\/#website\",\"url\":\"https:\/\/lemaconsult.com.br\/\",\"name\":\"LEMA Consultoria\",\"description\":\"Escrit\u00f3rio de Relacionamento com o Setor P\u00fablico\",\"publisher\":{\"@id\":\"https:\/\/lemaconsult.com.br\/#organization\"},\"potentialAction\":[{\"@type\":\"SearchAction\",\"target\":{\"@type\":\"EntryPoint\",\"urlTemplate\":\"https:\/\/lemaconsult.com.br\/?s={search_term_string}\"},\"query-input\":\"required name=search_term_string\"}],\"inLanguage\":\"en-US\"},{\"@type\":\"Organization\",\"@id\":\"https:\/\/lemaconsult.com.br\/#organization\",\"name\":\"LEMA Consultoria\",\"url\":\"https:\/\/lemaconsult.com.br\/\",\"logo\":{\"@type\":\"ImageObject\",\"inLanguage\":\"en-US\",\"@id\":\"https:\/\/lemaconsult.com.br\/#\/schema\/logo\/image\/\",\"url\":\"https:\/\/lemaconsult.com.br\/wp-content\/uploads\/2019\/07\/favicon.png\",\"contentUrl\":\"https:\/\/lemaconsult.com.br\/wp-content\/uploads\/2019\/07\/favicon.png\",\"width\":423,\"height\":424,\"caption\":\"LEMA Consultoria\"},\"image\":{\"@id\":\"https:\/\/lemaconsult.com.br\/#\/schema\/logo\/image\/\"}}]}<\/script>\n<!-- \/ Yoast SEO plugin. -->","yoast_head_json":{"title":"LEMA Consultoria - Escrit\u00f3rio de Relacionamento com o Setor P\u00fablico","description":"Um novo Escrit\u00f3rio de Relacionamento com o Setor P\u00fablico, localizado em Bras\u00edlia e \u00e0 disposi\u00e7\u00e3o das empresas nacionais e estrangeiras.","robots":{"index":"index","follow":"follow","max-snippet":"max-snippet:-1","max-image-preview":"max-image-preview:large","max-video-preview":"max-video-preview:-1"},"canonical":"https:\/\/lemaconsult.com.br\/en\/","og_locale":"en_US","og_type":"article","og_title":"LEMA Consultoria - Escrit\u00f3rio de Relacionamento com o Setor P\u00fablico","og_description":"Um novo Escrit\u00f3rio de Relacionamento com o Setor P\u00fablico, localizado em Bras\u00edlia e \u00e0 disposi\u00e7\u00e3o das empresas nacionais e estrangeiras.","og_url":"https:\/\/lemaconsult.com.br\/en\/","og_site_name":"LEMA Consultoria","article_modified_time":"2019-08-11T13:14:48+00:00","og_image":[{"width":1596,"height":788,"url":"https:\/\/lemaconsult.com.br\/wp-content\/uploads\/2019\/07\/banner-3.jpg","type":"image\/jpeg"}],"twitter_card":"summary_large_image","twitter_title":"LEMA Consultoria - Escrit\u00f3rio de Relacionamento com o Setor P\u00fablico","twitter_description":"Um novo Escrit\u00f3rio de Relacionamento com o Setor P\u00fablico, localizado em Bras\u00edlia e \u00e0 disposi\u00e7\u00e3o das empresas nacionais e estrangeiras.","twitter_image":"https:\/\/lemaconsult.com.br\/wp-content\/uploads\/2019\/07\/banner-3.jpg","schema":{"@context":"https:\/\/schema.org","@graph":[{"@type":"WebPage","@id":"https:\/\/lemaconsult.com.br\/","url":"https:\/\/lemaconsult.com.br\/","name":"LEMA Consultoria - Escrit\u00f3rio de Relacionamento com o Setor P\u00fablico","isPartOf":{"@id":"https:\/\/lemaconsult.com.br\/#website"},"datePublished":"2019-07-15T21:15:27+00:00","dateModified":"2019-08-11T13:14:48+00:00","description":"Um novo Escrit\u00f3rio de Relacionamento com o Setor P\u00fablico, localizado em Bras\u00edlia e \u00e0 disposi\u00e7\u00e3o das empresas nacionais e estrangeiras.","breadcrumb":{"@id":"https:\/\/lemaconsult.com.br\/#breadcrumb"},"inLanguage":"en-US","potentialAction":[{"@type":"ReadAction","target":["https:\/\/lemaconsult.com.br\/"]}]},{"@type":"BreadcrumbList","@id":"https:\/\/lemaconsult.com.br\/#breadcrumb","itemListElement":[{"@type":"ListItem","position":1,"name":"In\u00edcio","item":"https:\/\/lemaconsult.com.br\/"},{"@type":"ListItem","position":2,"name":"Home"}]},{"@type":"WebSite","@id":"https:\/\/lemaconsult.com.br\/#website","url":"https:\/\/lemaconsult.com.br\/","name":"LEMA Consulting","description":"Escrit\u00f3rio de Relacionamento com o Setor P\u00fablico","publisher":{"@id":"https:\/\/lemaconsult.com.br\/#organization"},"potentialAction":[{"@type":"SearchAction","target":{"@type":"EntryPoint","urlTemplate":"https:\/\/lemaconsult.com.br\/?s={search_term_string}"},"query-input":"required name=search_term_string"}],"inLanguage":"en-US"},{"@type":"Organization","@id":"https:\/\/lemaconsult.com.br\/#organization","name":"LEMA Consulting","url":"https:\/\/lemaconsult.com.br\/","logo":{"@type":"ImageObject","inLanguage":"en-US","@id":"https:\/\/lemaconsult.com.br\/#\/schema\/logo\/image\/","url":"https:\/\/lemaconsult.com.br\/wp-content\/uploads\/2019\/07\/favicon.png","contentUrl":"https:\/\/lemaconsult.com.br\/wp-content\/uploads\/2019\/07\/favicon.png","width":423,"height":424,"caption":"LEMA Consultoria"},"image":{"@id":"https:\/\/lemaconsult.com.br\/#\/schema\/logo\/image\/"}}]}},"_links":{"self":[{"href":"https:\/\/lemaconsult.com.br\/en\/wp-json\/wp\/v2\/pages\/2"}],"collection":[{"href":"https:\/\/lemaconsult.com.br\/en\/wp-json\/wp\/v2\/pages"}],"about":[{"href":"https:\/\/lemaconsult.com.br\/en\/wp-json\/wp\/v2\/types\/page"}],"author":[{"embeddable":true,"href":"https:\/\/lemaconsult.com.br\/en\/wp-json\/wp\/v2\/users\/1"}],"replies":[{"embeddable":true,"href":"https:\/\/lemaconsult.com.br\/en\/wp-json\/wp\/v2\/comments?post=2"}],"version-history":[{"count":23,"href":"https:\/\/lemaconsult.com.br\/en\/wp-json\/wp\/v2\/pages\/2\/revisions"}],"predecessor-version":[{"id":242,"href":"https:\/\/lemaconsult.com.br\/en\/wp-json\/wp\/v2\/pages\/2\/revisions\/242"}],"wp:attachment":[{"href":"https:\/\/lemaconsult.com.br\/en\/wp-json\/wp\/v2\/media?parent=2"}],"curies":[{"name":"wp","href":"https:\/\/api.w.org\/{rel}","templated":true}]}}