{"id":16,"date":"2019-07-15T18:36:29","date_gmt":"2019-07-15T21:36:29","guid":{"rendered":"http:\/\/localhost\/jobs\/lemaconsult.com.br\/?page_id=16"},"modified":"2019-08-28T09:34:21","modified_gmt":"2019-08-28T12:34:21","slug":"nossa-experiencia","status":"publish","type":"page","link":"https:\/\/lemaconsult.com.br\/en\/nossa-experiencia\/","title":{"rendered":"Gov. Relations Experience"},"content":{"rendered":"<div data-elementor-type=\"wp-post\" data-elementor-id=\"16\" class=\"elementor elementor-16\">\n\t\t\t\t\t\t<section class=\"elementor-section elementor-top-section elementor-element elementor-element-e2d9b9a elementor-section-boxed elementor-section-height-default elementor-section-height-default\" data-id=\"e2d9b9a\" data-element_type=\"section\">\n\t\t\t\t\t\t<div class=\"elementor-container elementor-column-gap-default\">\n\t\t\t\t\t<div class=\"elementor-column elementor-col-100 elementor-top-column elementor-element elementor-element-a830d3b\" data-id=\"a830d3b\" data-element_type=\"column\">\n\t\t\t<div class=\"elementor-widget-wrap elementor-element-populated\">\n\t\t\t\t\t\t<div class=\"elementor-element elementor-element-8662e19 elementor-widget elementor-widget-text-editor\" data-id=\"8662e19\" data-element_type=\"widget\" data-widget_type=\"text-editor.default\">\n\t\t\t\t<div class=\"elementor-widget-container\">\n\t\t\t\t\t\t\t<p class=\"MsoNormal\"><span lang=\"PT-BR\" style=\"font-size: 14.0pt;line-height: 107%\">With over three decades of executive leadership experience, Leandro has held senior roles across multiple industries, departments and geographies. These experiences have allowed him to develop an expertise at presenting and defending ideas and proposals with third parties, including the Brazilian Federal Government.<\/span><\/p><p class=\"MsoNormal\"><span lang=\"PT-BR\" style=\"font-size: 14.0pt;line-height: 107%\">Leandro most recently led Petrobras\u2019 government relations efforts . He took on the position during a critical moment of recovery for the Company, following the Operation Car Wash allegations against several of its former employees. In this role, he established strong working relationships with Brazil\u2019s oil and gas regulators, federal congressmen, and state and local elected officials, among others. He led the government relations activities from the company\u2019s office in Bras\u00edlia. <\/span><\/p><p class=\"MsoNormal translation-block\">Leandro was actively involved in several processes relevant to Petrobras, including regulations proposed by Brazil\u2019s president, such as Provisional Measure 735\/2016 (regarding preemptive rights in oil field auctions) and Provisional Measure 795\/2017 (regarding Repetro, a customs tax regime that suspended the collection of federal taxes on imported equipment for the oil and gas sector). He was also actively involved in discussions with Brazil\u2019s Federal Court of Accounts about a new system of divestments for the company.<\/p><p class=\"MsoNormal\"><span lang=\"PT-BR\" style=\"font-size: 14.0pt;line-height: 107%\">The relationship with Executive bodies was its continuous activity, with emphasis on the identification and adoption of the best alternatives for processes flow, negotiation and monitoring of topics related to the area oil and gas area, state control, environment and the Presidency of the Republic.\u00a0 <\/span><\/p><p class=\"MsoNormal\"><span lang=\"PT-BR\" style=\"font-size: 14.0pt;line-height: 107%\">With the legislative branch, Leandro monitored the activities in committees that were relevant to Petrobras, and articulated with legislators in order to provide them with the technical clarifications on matters that were going to be proposed, discussed, or voted.<\/span><\/p><p class=\"MsoNormal\"><span style=\"font-size: 14pt\">Leandro is experienced at relationships with regulators, both in Brazil and the United States.\u00a0\u00a0<\/span><\/p>\t\t\t\t\t\t<\/div>\n\t\t\t\t<\/div>\n\t\t\t\t\t<\/div>\n\t\t<\/div>\n\t\t\t\t\t<\/div>\n\t\t<\/section>\n\t\t\t\t<\/div>","protected":false},"excerpt":{"rendered":"<p>Com mais de tr\u00eas d\u00e9cadas de experi\u00eancia executiva, Leandro ocupou relevantes fun\u00e7\u00f5es em diferentes \u00e1reas, ind\u00fastrias e localidades. Essas experi\u00eancias permitiram o desenvolvimento da capacidade de apresentar e defender ideias e propostas junto a terceiros, incluindo o Governo Federal. Recentemente, Leandro comandou a \u00e1rea de relacionamento governamental da Petrobras, ligada diretamente ao Presidente, a partir &hellip;<\/p>\n<p class=\"read-more\"> <a class=\"\" href=\"https:\/\/lemaconsult.com.br\/en\/nossa-experiencia\/\"> <span class=\"screen-reader-text\">Gov. Relations Experience<\/span> Read More &raquo;<\/a><\/p>","protected":false},"author":1,"featured_media":0,"parent":0,"menu_order":0,"comment_status":"closed","ping_status":"closed","template":"","meta":{"loftloader_page_shortcode":"","site-sidebar-layout":"no-sidebar","site-content-layout":"page-builder","ast-global-header-display":"","ast-main-header-display":"","ast-hfb-above-header-display":"","ast-hfb-below-header-display":"","ast-hfb-mobile-header-display":"","site-post-title":"disabled","ast-breadcrumbs-content":"","ast-featured-img":"disabled","footer-sml-layout":"","theme-transparent-header-meta":"enabled","adv-header-id-meta":"","stick-header-meta":"","header-above-stick-meta":"","header-main-stick-meta":"","header-below-stick-meta":""},"yoast_head":"<!-- This site is optimized with the Yoast SEO plugin v20.12 - https:\/\/yoast.com\/wordpress\/plugins\/seo\/ -->\n<title>Experi\u00eancia Rel. Governamental - LEMA Consultoria<\/title>\n<meta name=\"robots\" content=\"index, follow, max-snippet:-1, max-image-preview:large, max-video-preview:-1\" \/>\n<link rel=\"canonical\" href=\"https:\/\/lemaconsult.com.br\/en\/nossa-experiencia\/\" \/>\n<meta property=\"og:locale\" content=\"en_US\" \/>\n<meta property=\"og:type\" content=\"article\" \/>\n<meta property=\"og:title\" content=\"Experi\u00eancia Rel. Governamental - LEMA Consultoria\" \/>\n<meta property=\"og:description\" content=\"Com mais de tr\u00eas d\u00e9cadas de experi\u00eancia executiva, Leandro ocupou relevantes fun\u00e7\u00f5es em diferentes \u00e1reas, ind\u00fastrias e localidades. Essas experi\u00eancias permitiram o desenvolvimento da capacidade de apresentar e defender ideias e propostas junto a terceiros, incluindo o Governo Federal. Recentemente, Leandro comandou a \u00e1rea de relacionamento governamental da Petrobras, ligada diretamente ao Presidente, a partir &hellip; Experi\u00eancia Rel. Governamental Read More &raquo;\" \/>\n<meta property=\"og:url\" content=\"https:\/\/lemaconsult.com.br\/en\/nossa-experiencia\/\" \/>\n<meta property=\"og:site_name\" content=\"LEMA Consultoria\" \/>\n<meta property=\"article:modified_time\" content=\"2019-08-28T12:34:21+00:00\" \/>\n<meta name=\"twitter:card\" content=\"summary_large_image\" \/>\n<meta name=\"twitter:label1\" content=\"Est. reading time\" \/>\n\t<meta name=\"twitter:data1\" content=\"2 minutes\" \/>\n<script type=\"application\/ld+json\" class=\"yoast-schema-graph\">{\"@context\":\"https:\/\/schema.org\",\"@graph\":[{\"@type\":\"WebPage\",\"@id\":\"https:\/\/lemaconsult.com.br\/nossa-experiencia\/\",\"url\":\"https:\/\/lemaconsult.com.br\/nossa-experiencia\/\",\"name\":\"Experi\u00eancia Rel. Governamental - LEMA Consultoria\",\"isPartOf\":{\"@id\":\"https:\/\/lemaconsult.com.br\/#website\"},\"datePublished\":\"2019-07-15T21:36:29+00:00\",\"dateModified\":\"2019-08-28T12:34:21+00:00\",\"breadcrumb\":{\"@id\":\"https:\/\/lemaconsult.com.br\/nossa-experiencia\/#breadcrumb\"},\"inLanguage\":\"en-US\",\"potentialAction\":[{\"@type\":\"ReadAction\",\"target\":[\"https:\/\/lemaconsult.com.br\/nossa-experiencia\/\"]}]},{\"@type\":\"BreadcrumbList\",\"@id\":\"https:\/\/lemaconsult.com.br\/nossa-experiencia\/#breadcrumb\",\"itemListElement\":[{\"@type\":\"ListItem\",\"position\":1,\"name\":\"In\u00edcio\",\"item\":\"https:\/\/lemaconsult.com.br\/\"},{\"@type\":\"ListItem\",\"position\":2,\"name\":\"Experi\u00eancia Rel. Governamental\"}]},{\"@type\":\"WebSite\",\"@id\":\"https:\/\/lemaconsult.com.br\/#website\",\"url\":\"https:\/\/lemaconsult.com.br\/\",\"name\":\"LEMA Consultoria\",\"description\":\"Escrit\u00f3rio de Relacionamento com o Setor P\u00fablico\",\"publisher\":{\"@id\":\"https:\/\/lemaconsult.com.br\/#organization\"},\"potentialAction\":[{\"@type\":\"SearchAction\",\"target\":{\"@type\":\"EntryPoint\",\"urlTemplate\":\"https:\/\/lemaconsult.com.br\/?s={search_term_string}\"},\"query-input\":\"required name=search_term_string\"}],\"inLanguage\":\"en-US\"},{\"@type\":\"Organization\",\"@id\":\"https:\/\/lemaconsult.com.br\/#organization\",\"name\":\"LEMA Consultoria\",\"url\":\"https:\/\/lemaconsult.com.br\/\",\"logo\":{\"@type\":\"ImageObject\",\"inLanguage\":\"en-US\",\"@id\":\"https:\/\/lemaconsult.com.br\/#\/schema\/logo\/image\/\",\"url\":\"https:\/\/lemaconsult.com.br\/wp-content\/uploads\/2019\/07\/favicon.png\",\"contentUrl\":\"https:\/\/lemaconsult.com.br\/wp-content\/uploads\/2019\/07\/favicon.png\",\"width\":423,\"height\":424,\"caption\":\"LEMA Consultoria\"},\"image\":{\"@id\":\"https:\/\/lemaconsult.com.br\/#\/schema\/logo\/image\/\"}}]}<\/script>\n<!-- \/ Yoast SEO plugin. -->","yoast_head_json":{"title":"Experi\u00eancia Rel. Governamental - LEMA Consultoria","robots":{"index":"index","follow":"follow","max-snippet":"max-snippet:-1","max-image-preview":"max-image-preview:large","max-video-preview":"max-video-preview:-1"},"canonical":"https:\/\/lemaconsult.com.br\/en\/nossa-experiencia\/","og_locale":"en_US","og_type":"article","og_title":"Experi\u00eancia Rel. Governamental - LEMA Consultoria","og_description":"Com mais de tr\u00eas d\u00e9cadas de experi\u00eancia executiva, Leandro ocupou relevantes fun\u00e7\u00f5es em diferentes \u00e1reas, ind\u00fastrias e localidades. Essas experi\u00eancias permitiram o desenvolvimento da capacidade de apresentar e defender ideias e propostas junto a terceiros, incluindo o Governo Federal. Recentemente, Leandro comandou a \u00e1rea de relacionamento governamental da Petrobras, ligada diretamente ao Presidente, a partir &hellip; Experi\u00eancia Rel. Governamental Read More &raquo;","og_url":"https:\/\/lemaconsult.com.br\/en\/nossa-experiencia\/","og_site_name":"LEMA Consultoria","article_modified_time":"2019-08-28T12:34:21+00:00","twitter_card":"summary_large_image","twitter_misc":{"Est. reading time":"2 minutes"},"schema":{"@context":"https:\/\/schema.org","@graph":[{"@type":"WebPage","@id":"https:\/\/lemaconsult.com.br\/nossa-experiencia\/","url":"https:\/\/lemaconsult.com.br\/nossa-experiencia\/","name":"Experi\u00eancia Rel. Governamental - LEMA Consultoria","isPartOf":{"@id":"https:\/\/lemaconsult.com.br\/#website"},"datePublished":"2019-07-15T21:36:29+00:00","dateModified":"2019-08-28T12:34:21+00:00","breadcrumb":{"@id":"https:\/\/lemaconsult.com.br\/nossa-experiencia\/#breadcrumb"},"inLanguage":"en-US","potentialAction":[{"@type":"ReadAction","target":["https:\/\/lemaconsult.com.br\/nossa-experiencia\/"]}]},{"@type":"BreadcrumbList","@id":"https:\/\/lemaconsult.com.br\/nossa-experiencia\/#breadcrumb","itemListElement":[{"@type":"ListItem","position":1,"name":"In\u00edcio","item":"https:\/\/lemaconsult.com.br\/"},{"@type":"ListItem","position":2,"name":"Experi\u00eancia Rel. Governamental"}]},{"@type":"WebSite","@id":"https:\/\/lemaconsult.com.br\/#website","url":"https:\/\/lemaconsult.com.br\/","name":"LEMA Consulting","description":"Escrit\u00f3rio de Relacionamento com o Setor P\u00fablico","publisher":{"@id":"https:\/\/lemaconsult.com.br\/#organization"},"potentialAction":[{"@type":"SearchAction","target":{"@type":"EntryPoint","urlTemplate":"https:\/\/lemaconsult.com.br\/?s={search_term_string}"},"query-input":"required name=search_term_string"}],"inLanguage":"en-US"},{"@type":"Organization","@id":"https:\/\/lemaconsult.com.br\/#organization","name":"LEMA Consulting","url":"https:\/\/lemaconsult.com.br\/","logo":{"@type":"ImageObject","inLanguage":"en-US","@id":"https:\/\/lemaconsult.com.br\/#\/schema\/logo\/image\/","url":"https:\/\/lemaconsult.com.br\/wp-content\/uploads\/2019\/07\/favicon.png","contentUrl":"https:\/\/lemaconsult.com.br\/wp-content\/uploads\/2019\/07\/favicon.png","width":423,"height":424,"caption":"LEMA Consultoria"},"image":{"@id":"https:\/\/lemaconsult.com.br\/#\/schema\/logo\/image\/"}}]}},"_links":{"self":[{"href":"https:\/\/lemaconsult.com.br\/en\/wp-json\/wp\/v2\/pages\/16"}],"collection":[{"href":"https:\/\/lemaconsult.com.br\/en\/wp-json\/wp\/v2\/pages"}],"about":[{"href":"https:\/\/lemaconsult.com.br\/en\/wp-json\/wp\/v2\/types\/page"}],"author":[{"embeddable":true,"href":"https:\/\/lemaconsult.com.br\/en\/wp-json\/wp\/v2\/users\/1"}],"replies":[{"embeddable":true,"href":"https:\/\/lemaconsult.com.br\/en\/wp-json\/wp\/v2\/comments?post=16"}],"version-history":[{"count":14,"href":"https:\/\/lemaconsult.com.br\/en\/wp-json\/wp\/v2\/pages\/16\/revisions"}],"predecessor-version":[{"id":270,"href":"https:\/\/lemaconsult.com.br\/en\/wp-json\/wp\/v2\/pages\/16\/revisions\/270"}],"wp:attachment":[{"href":"https:\/\/lemaconsult.com.br\/en\/wp-json\/wp\/v2\/media?parent=16"}],"curies":[{"name":"wp","href":"https:\/\/api.w.org\/{rel}","templated":true}]}}