{"id":14,"date":"2019-07-15T18:36:16","date_gmt":"2019-07-15T21:36:16","guid":{"rendered":"http:\/\/localhost\/jobs\/lemaconsult.com.br\/?page_id=14"},"modified":"2019-08-21T14:24:54","modified_gmt":"2019-08-21T17:24:54","slug":"nosso-proposito","status":"publish","type":"page","link":"https:\/\/lemaconsult.com.br\/en\/nosso-proposito\/","title":{"rendered":"Our Purpose"},"content":{"rendered":"<div data-elementor-type=\"wp-post\" data-elementor-id=\"14\" class=\"elementor elementor-14\">\n\t\t\t\t\t\t<section class=\"elementor-section elementor-top-section elementor-element elementor-element-51ed808 elementor-section-boxed elementor-section-height-default elementor-section-height-default\" data-id=\"51ed808\" data-element_type=\"section\">\n\t\t\t\t\t\t<div class=\"elementor-container elementor-column-gap-default\">\n\t\t\t\t\t<div class=\"elementor-column elementor-col-100 elementor-top-column elementor-element elementor-element-653bddf\" data-id=\"653bddf\" data-element_type=\"column\">\n\t\t\t<div class=\"elementor-widget-wrap elementor-element-populated\">\n\t\t\t\t\t\t<div class=\"elementor-element elementor-element-f5a642b elementor-widget elementor-widget-text-editor\" data-id=\"f5a642b\" data-element_type=\"widget\" data-widget_type=\"text-editor.default\">\n\t\t\t\t<div class=\"elementor-widget-container\">\n\t\t\t\t\t\t\t<p class=\"MsoNormal\"><span lang=\"PT-BR\" style=\"font-size: 14.0pt;line-height: 107%\">LEMA Consultoria acts exclusively in the defense of ideas and proposals that contribute to local, regional and Brazilian prosperity as a whole and to the advancement of social welfare. <\/span><\/p><p class=\"MsoNormal\"><span lang=\"PT-BR\" style=\"font-size: 14.0pt;line-height: 107%\">Knowledge and experience enable LEMA to be a guide and compass for defining strategies and conducting and approving topics and projects with the public sector.<\/span><\/p><p class=\"MsoNormal\"><span style=\"font-size: 14pt\">LEMA also acts to make government relationship activity simpler, faster and less costly for companies and other organizations, whatever their geographical locations, areas of activity, the stages of their processes, and the public entities involved.<\/span><\/p><p class=\"MsoNormal\"><span style=\"font-size: 14pt\">The purpose of LEMA Consultoria is to contribute so that topics relevant to society, led by companies or other organizations, and that depend on the decision of the public sector are conducted effectively and efficiently, always seeking to reduce the time taken for decision-making flows and expand their chances of success.\u00a0\u00a0<\/span><\/p>\t\t\t\t\t\t<\/div>\n\t\t\t\t<\/div>\n\t\t\t\t\t<\/div>\n\t\t<\/div>\n\t\t\t\t\t<\/div>\n\t\t<\/section>\n\t\t\t\t<\/div>","protected":false},"excerpt":{"rendered":"<p>A LEMA Consultoria atua exclusivamente na defesa de ideias e propostas que contribuam para o avan\u00e7o do bem-estar social e para a prosperidade local, regional e do Brasil como um todo. O conhecimento e a experi\u00eancia habilitam a LEMA como um instrumento orientador e facilitador da defini\u00e7\u00e3o de estrat\u00e9gias, condu\u00e7\u00e3o e aprova\u00e7\u00e3o de temas e &hellip;<\/p>\n<p class=\"read-more\"> <a class=\"\" href=\"https:\/\/lemaconsult.com.br\/en\/nosso-proposito\/\"> <span class=\"screen-reader-text\">Our Purpose<\/span> Read More &raquo;<\/a><\/p>","protected":false},"author":1,"featured_media":0,"parent":0,"menu_order":0,"comment_status":"closed","ping_status":"closed","template":"","meta":{"loftloader_page_shortcode":"","site-sidebar-layout":"no-sidebar","site-content-layout":"page-builder","ast-global-header-display":"","ast-main-header-display":"","ast-hfb-above-header-display":"","ast-hfb-below-header-display":"","ast-hfb-mobile-header-display":"","site-post-title":"disabled","ast-breadcrumbs-content":"","ast-featured-img":"disabled","footer-sml-layout":"","theme-transparent-header-meta":"default","adv-header-id-meta":"","stick-header-meta":"","header-above-stick-meta":"","header-main-stick-meta":"","header-below-stick-meta":""},"yoast_head":"<!-- This site is optimized with the Yoast SEO plugin v20.12 - https:\/\/yoast.com\/wordpress\/plugins\/seo\/ -->\n<title>Nosso Prop\u00f3sito - LEMA Consultoria<\/title>\n<meta name=\"robots\" content=\"index, follow, max-snippet:-1, max-image-preview:large, max-video-preview:-1\" \/>\n<link rel=\"canonical\" href=\"https:\/\/lemaconsult.com.br\/en\/nosso-proposito\/\" \/>\n<meta property=\"og:locale\" content=\"en_US\" \/>\n<meta property=\"og:type\" content=\"article\" \/>\n<meta property=\"og:title\" content=\"Nosso Prop\u00f3sito - LEMA Consultoria\" \/>\n<meta property=\"og:description\" content=\"A LEMA Consultoria atua exclusivamente na defesa de ideias e propostas que contribuam para o avan\u00e7o do bem-estar social e para a prosperidade local, regional e do Brasil como um todo. O conhecimento e a experi\u00eancia habilitam a LEMA como um instrumento orientador e facilitador da defini\u00e7\u00e3o de estrat\u00e9gias, condu\u00e7\u00e3o e aprova\u00e7\u00e3o de temas e &hellip; Nosso Prop\u00f3sito Read More &raquo;\" \/>\n<meta property=\"og:url\" content=\"https:\/\/lemaconsult.com.br\/en\/nosso-proposito\/\" \/>\n<meta property=\"og:site_name\" content=\"LEMA Consultoria\" \/>\n<meta property=\"article:modified_time\" content=\"2019-08-21T17:24:54+00:00\" \/>\n<meta name=\"twitter:card\" content=\"summary_large_image\" \/>\n<meta name=\"twitter:label1\" content=\"Est. reading time\" \/>\n\t<meta name=\"twitter:data1\" content=\"1 minute\" \/>\n<script type=\"application\/ld+json\" class=\"yoast-schema-graph\">{\"@context\":\"https:\/\/schema.org\",\"@graph\":[{\"@type\":\"WebPage\",\"@id\":\"https:\/\/lemaconsult.com.br\/nosso-proposito\/\",\"url\":\"https:\/\/lemaconsult.com.br\/nosso-proposito\/\",\"name\":\"Nosso Prop\u00f3sito - LEMA Consultoria\",\"isPartOf\":{\"@id\":\"https:\/\/lemaconsult.com.br\/#website\"},\"datePublished\":\"2019-07-15T21:36:16+00:00\",\"dateModified\":\"2019-08-21T17:24:54+00:00\",\"breadcrumb\":{\"@id\":\"https:\/\/lemaconsult.com.br\/nosso-proposito\/#breadcrumb\"},\"inLanguage\":\"en-US\",\"potentialAction\":[{\"@type\":\"ReadAction\",\"target\":[\"https:\/\/lemaconsult.com.br\/nosso-proposito\/\"]}]},{\"@type\":\"BreadcrumbList\",\"@id\":\"https:\/\/lemaconsult.com.br\/nosso-proposito\/#breadcrumb\",\"itemListElement\":[{\"@type\":\"ListItem\",\"position\":1,\"name\":\"In\u00edcio\",\"item\":\"https:\/\/lemaconsult.com.br\/\"},{\"@type\":\"ListItem\",\"position\":2,\"name\":\"Nosso Prop\u00f3sito\"}]},{\"@type\":\"WebSite\",\"@id\":\"https:\/\/lemaconsult.com.br\/#website\",\"url\":\"https:\/\/lemaconsult.com.br\/\",\"name\":\"LEMA Consultoria\",\"description\":\"Escrit\u00f3rio de Relacionamento com o Setor P\u00fablico\",\"publisher\":{\"@id\":\"https:\/\/lemaconsult.com.br\/#organization\"},\"potentialAction\":[{\"@type\":\"SearchAction\",\"target\":{\"@type\":\"EntryPoint\",\"urlTemplate\":\"https:\/\/lemaconsult.com.br\/?s={search_term_string}\"},\"query-input\":\"required name=search_term_string\"}],\"inLanguage\":\"en-US\"},{\"@type\":\"Organization\",\"@id\":\"https:\/\/lemaconsult.com.br\/#organization\",\"name\":\"LEMA Consultoria\",\"url\":\"https:\/\/lemaconsult.com.br\/\",\"logo\":{\"@type\":\"ImageObject\",\"inLanguage\":\"en-US\",\"@id\":\"https:\/\/lemaconsult.com.br\/#\/schema\/logo\/image\/\",\"url\":\"https:\/\/lemaconsult.com.br\/wp-content\/uploads\/2019\/07\/favicon.png\",\"contentUrl\":\"https:\/\/lemaconsult.com.br\/wp-content\/uploads\/2019\/07\/favicon.png\",\"width\":423,\"height\":424,\"caption\":\"LEMA Consultoria\"},\"image\":{\"@id\":\"https:\/\/lemaconsult.com.br\/#\/schema\/logo\/image\/\"}}]}<\/script>\n<!-- \/ Yoast SEO plugin. -->","yoast_head_json":{"title":"Nosso Prop\u00f3sito - LEMA Consultoria","robots":{"index":"index","follow":"follow","max-snippet":"max-snippet:-1","max-image-preview":"max-image-preview:large","max-video-preview":"max-video-preview:-1"},"canonical":"https:\/\/lemaconsult.com.br\/en\/nosso-proposito\/","og_locale":"en_US","og_type":"article","og_title":"Nosso Prop\u00f3sito - LEMA Consultoria","og_description":"A LEMA Consultoria atua exclusivamente na defesa de ideias e propostas que contribuam para o avan\u00e7o do bem-estar social e para a prosperidade local, regional e do Brasil como um todo. O conhecimento e a experi\u00eancia habilitam a LEMA como um instrumento orientador e facilitador da defini\u00e7\u00e3o de estrat\u00e9gias, condu\u00e7\u00e3o e aprova\u00e7\u00e3o de temas e &hellip; Nosso Prop\u00f3sito Read More &raquo;","og_url":"https:\/\/lemaconsult.com.br\/en\/nosso-proposito\/","og_site_name":"LEMA Consultoria","article_modified_time":"2019-08-21T17:24:54+00:00","twitter_card":"summary_large_image","twitter_misc":{"Est. reading time":"1 minute"},"schema":{"@context":"https:\/\/schema.org","@graph":[{"@type":"WebPage","@id":"https:\/\/lemaconsult.com.br\/nosso-proposito\/","url":"https:\/\/lemaconsult.com.br\/nosso-proposito\/","name":"Nosso Prop\u00f3sito - LEMA Consultoria","isPartOf":{"@id":"https:\/\/lemaconsult.com.br\/#website"},"datePublished":"2019-07-15T21:36:16+00:00","dateModified":"2019-08-21T17:24:54+00:00","breadcrumb":{"@id":"https:\/\/lemaconsult.com.br\/nosso-proposito\/#breadcrumb"},"inLanguage":"en-US","potentialAction":[{"@type":"ReadAction","target":["https:\/\/lemaconsult.com.br\/nosso-proposito\/"]}]},{"@type":"BreadcrumbList","@id":"https:\/\/lemaconsult.com.br\/nosso-proposito\/#breadcrumb","itemListElement":[{"@type":"ListItem","position":1,"name":"In\u00edcio","item":"https:\/\/lemaconsult.com.br\/"},{"@type":"ListItem","position":2,"name":"Nosso Prop\u00f3sito"}]},{"@type":"WebSite","@id":"https:\/\/lemaconsult.com.br\/#website","url":"https:\/\/lemaconsult.com.br\/","name":"LEMA Consulting","description":"Escrit\u00f3rio de Relacionamento com o Setor P\u00fablico","publisher":{"@id":"https:\/\/lemaconsult.com.br\/#organization"},"potentialAction":[{"@type":"SearchAction","target":{"@type":"EntryPoint","urlTemplate":"https:\/\/lemaconsult.com.br\/?s={search_term_string}"},"query-input":"required name=search_term_string"}],"inLanguage":"en-US"},{"@type":"Organization","@id":"https:\/\/lemaconsult.com.br\/#organization","name":"LEMA Consulting","url":"https:\/\/lemaconsult.com.br\/","logo":{"@type":"ImageObject","inLanguage":"en-US","@id":"https:\/\/lemaconsult.com.br\/#\/schema\/logo\/image\/","url":"https:\/\/lemaconsult.com.br\/wp-content\/uploads\/2019\/07\/favicon.png","contentUrl":"https:\/\/lemaconsult.com.br\/wp-content\/uploads\/2019\/07\/favicon.png","width":423,"height":424,"caption":"LEMA Consultoria"},"image":{"@id":"https:\/\/lemaconsult.com.br\/#\/schema\/logo\/image\/"}}]}},"_links":{"self":[{"href":"https:\/\/lemaconsult.com.br\/en\/wp-json\/wp\/v2\/pages\/14"}],"collection":[{"href":"https:\/\/lemaconsult.com.br\/en\/wp-json\/wp\/v2\/pages"}],"about":[{"href":"https:\/\/lemaconsult.com.br\/en\/wp-json\/wp\/v2\/types\/page"}],"author":[{"embeddable":true,"href":"https:\/\/lemaconsult.com.br\/en\/wp-json\/wp\/v2\/users\/1"}],"replies":[{"embeddable":true,"href":"https:\/\/lemaconsult.com.br\/en\/wp-json\/wp\/v2\/comments?post=14"}],"version-history":[{"count":13,"href":"https:\/\/lemaconsult.com.br\/en\/wp-json\/wp\/v2\/pages\/14\/revisions"}],"predecessor-version":[{"id":269,"href":"https:\/\/lemaconsult.com.br\/en\/wp-json\/wp\/v2\/pages\/14\/revisions\/269"}],"wp:attachment":[{"href":"https:\/\/lemaconsult.com.br\/en\/wp-json\/wp\/v2\/media?parent=14"}],"curies":[{"name":"wp","href":"https:\/\/api.w.org\/{rel}","templated":true}]}}