{"id":139,"date":"2019-07-22T21:45:18","date_gmt":"2019-07-23T00:45:18","guid":{"rendered":"https:\/\/ivonfilho.com.br\/lema\/?page_id=139"},"modified":"2022-11-15T11:40:34","modified_gmt":"2022-11-15T14:40:34","slug":"como-atuamos","status":"publish","type":"page","link":"https:\/\/lemaconsult.com.br\/en\/como-atuamos\/","title":{"rendered":"How We Work"},"content":{"rendered":"<p>LEMA Consultoria advises its clients in defining strategies and identifying technical alternatives that minimize time and maximize the chances of success of their ideas, proposals or projects with the public sector in the Bras\u00edlia, Brazil.<\/p>\n<p>A project is monitored until all public sector workstreams are completed. The timing of all initiatives is estimated and is the basis for customizing the customer service proposal.<\/p>\n<p>LEMA supports companies or other organizations in government relationship activities, such as representation in negotiations with the Public Sector, guidance on the forwarding of their matters of interest and monitoring of meetings and processes.<\/p>\n<p>With the knowledge and experience of its partners, LEMA also provides specialized consultancy in corporate governance and risk management, in support of business management focused on innovation, differentiation, organizational efficiency, quality and process improvement, seeking to leverage competitive advantages and achieve increasing and effective results.<\/p>","protected":false},"excerpt":{"rendered":"<p>A LEMA Consultoria assessora seus clientes na defini\u00e7\u00e3o de estrat\u00e9gias e identifica\u00e7\u00e3o das alternativas t\u00e9cnicas que minimizem o tempo e maximizem as chances de sucesso de suas ideias, propostas ou projetos junto ao Setor P\u00fablico na Capital Federal. Um projeto \u00e9 monitorado at\u00e9 a finaliza\u00e7\u00e3o de seu tr\u00e2mite junto aos \u00f3rg\u00e3os federais.\u00a0 O tempo de &hellip;<\/p>\n<p class=\"read-more\"> <a class=\"\" href=\"https:\/\/lemaconsult.com.br\/en\/como-atuamos\/\"> <span class=\"screen-reader-text\">How We Work<\/span> Read More &raquo;<\/a><\/p>","protected":false},"author":1,"featured_media":0,"parent":0,"menu_order":0,"comment_status":"closed","ping_status":"closed","template":"","meta":{"loftloader_page_shortcode":"","site-sidebar-layout":"no-sidebar","site-content-layout":"page-builder","ast-global-header-display":"","ast-main-header-display":"","ast-hfb-above-header-display":"","ast-hfb-below-header-display":"","ast-hfb-mobile-header-display":"","site-post-title":"disabled","ast-breadcrumbs-content":"","ast-featured-img":"disabled","footer-sml-layout":"","theme-transparent-header-meta":"default","adv-header-id-meta":"","stick-header-meta":"","header-above-stick-meta":"","header-main-stick-meta":"","header-below-stick-meta":""},"yoast_head":"<!-- This site is optimized with the Yoast SEO plugin v20.12 - https:\/\/yoast.com\/wordpress\/plugins\/seo\/ -->\n<title>Como Atuamos - LEMA Consultoria<\/title>\n<meta name=\"robots\" content=\"index, follow, max-snippet:-1, max-image-preview:large, max-video-preview:-1\" \/>\n<link rel=\"canonical\" href=\"https:\/\/lemaconsult.com.br\/en\/como-atuamos\/\" \/>\n<meta property=\"og:locale\" content=\"en_US\" \/>\n<meta property=\"og:type\" content=\"article\" \/>\n<meta property=\"og:title\" content=\"Como Atuamos - LEMA Consultoria\" \/>\n<meta property=\"og:description\" content=\"A LEMA Consultoria assessora seus clientes na defini\u00e7\u00e3o de estrat\u00e9gias e identifica\u00e7\u00e3o das alternativas t\u00e9cnicas que minimizem o tempo e maximizem as chances de sucesso de suas ideias, propostas ou projetos junto ao Setor P\u00fablico na Capital Federal. Um projeto \u00e9 monitorado at\u00e9 a finaliza\u00e7\u00e3o de seu tr\u00e2mite junto aos \u00f3rg\u00e3os federais.\u00a0 O tempo de &hellip; Como Atuamos Read More &raquo;\" \/>\n<meta property=\"og:url\" content=\"https:\/\/lemaconsult.com.br\/en\/como-atuamos\/\" \/>\n<meta property=\"og:site_name\" content=\"LEMA Consultoria\" \/>\n<meta property=\"article:modified_time\" content=\"2022-11-15T14:40:34+00:00\" \/>\n<meta name=\"twitter:card\" content=\"summary_large_image\" \/>\n<meta name=\"twitter:label1\" content=\"Est. reading time\" \/>\n\t<meta name=\"twitter:data1\" content=\"1 minute\" \/>\n<script type=\"application\/ld+json\" class=\"yoast-schema-graph\">{\"@context\":\"https:\/\/schema.org\",\"@graph\":[{\"@type\":\"WebPage\",\"@id\":\"https:\/\/lemaconsult.com.br\/como-atuamos\/\",\"url\":\"https:\/\/lemaconsult.com.br\/como-atuamos\/\",\"name\":\"Como Atuamos - LEMA Consultoria\",\"isPartOf\":{\"@id\":\"https:\/\/lemaconsult.com.br\/#website\"},\"datePublished\":\"2019-07-23T00:45:18+00:00\",\"dateModified\":\"2022-11-15T14:40:34+00:00\",\"breadcrumb\":{\"@id\":\"https:\/\/lemaconsult.com.br\/como-atuamos\/#breadcrumb\"},\"inLanguage\":\"en-US\",\"potentialAction\":[{\"@type\":\"ReadAction\",\"target\":[\"https:\/\/lemaconsult.com.br\/como-atuamos\/\"]}]},{\"@type\":\"BreadcrumbList\",\"@id\":\"https:\/\/lemaconsult.com.br\/como-atuamos\/#breadcrumb\",\"itemListElement\":[{\"@type\":\"ListItem\",\"position\":1,\"name\":\"In\u00edcio\",\"item\":\"https:\/\/lemaconsult.com.br\/\"},{\"@type\":\"ListItem\",\"position\":2,\"name\":\"Como Atuamos\"}]},{\"@type\":\"WebSite\",\"@id\":\"https:\/\/lemaconsult.com.br\/#website\",\"url\":\"https:\/\/lemaconsult.com.br\/\",\"name\":\"LEMA Consultoria\",\"description\":\"Escrit\u00f3rio de Relacionamento com o Setor P\u00fablico\",\"publisher\":{\"@id\":\"https:\/\/lemaconsult.com.br\/#organization\"},\"potentialAction\":[{\"@type\":\"SearchAction\",\"target\":{\"@type\":\"EntryPoint\",\"urlTemplate\":\"https:\/\/lemaconsult.com.br\/?s={search_term_string}\"},\"query-input\":\"required name=search_term_string\"}],\"inLanguage\":\"en-US\"},{\"@type\":\"Organization\",\"@id\":\"https:\/\/lemaconsult.com.br\/#organization\",\"name\":\"LEMA Consultoria\",\"url\":\"https:\/\/lemaconsult.com.br\/\",\"logo\":{\"@type\":\"ImageObject\",\"inLanguage\":\"en-US\",\"@id\":\"https:\/\/lemaconsult.com.br\/#\/schema\/logo\/image\/\",\"url\":\"https:\/\/lemaconsult.com.br\/wp-content\/uploads\/2019\/07\/favicon.png\",\"contentUrl\":\"https:\/\/lemaconsult.com.br\/wp-content\/uploads\/2019\/07\/favicon.png\",\"width\":423,\"height\":424,\"caption\":\"LEMA Consultoria\"},\"image\":{\"@id\":\"https:\/\/lemaconsult.com.br\/#\/schema\/logo\/image\/\"}}]}<\/script>\n<!-- \/ Yoast SEO plugin. -->","yoast_head_json":{"title":"Como Atuamos - LEMA Consultoria","robots":{"index":"index","follow":"follow","max-snippet":"max-snippet:-1","max-image-preview":"max-image-preview:large","max-video-preview":"max-video-preview:-1"},"canonical":"https:\/\/lemaconsult.com.br\/en\/como-atuamos\/","og_locale":"en_US","og_type":"article","og_title":"Como Atuamos - LEMA Consultoria","og_description":"A LEMA Consultoria assessora seus clientes na defini\u00e7\u00e3o de estrat\u00e9gias e identifica\u00e7\u00e3o das alternativas t\u00e9cnicas que minimizem o tempo e maximizem as chances de sucesso de suas ideias, propostas ou projetos junto ao Setor P\u00fablico na Capital Federal. Um projeto \u00e9 monitorado at\u00e9 a finaliza\u00e7\u00e3o de seu tr\u00e2mite junto aos \u00f3rg\u00e3os federais.\u00a0 O tempo de &hellip; Como Atuamos Read More &raquo;","og_url":"https:\/\/lemaconsult.com.br\/en\/como-atuamos\/","og_site_name":"LEMA Consultoria","article_modified_time":"2022-11-15T14:40:34+00:00","twitter_card":"summary_large_image","twitter_misc":{"Est. reading time":"1 minute"},"schema":{"@context":"https:\/\/schema.org","@graph":[{"@type":"WebPage","@id":"https:\/\/lemaconsult.com.br\/como-atuamos\/","url":"https:\/\/lemaconsult.com.br\/como-atuamos\/","name":"Como Atuamos - LEMA Consultoria","isPartOf":{"@id":"https:\/\/lemaconsult.com.br\/#website"},"datePublished":"2019-07-23T00:45:18+00:00","dateModified":"2022-11-15T14:40:34+00:00","breadcrumb":{"@id":"https:\/\/lemaconsult.com.br\/como-atuamos\/#breadcrumb"},"inLanguage":"en-US","potentialAction":[{"@type":"ReadAction","target":["https:\/\/lemaconsult.com.br\/como-atuamos\/"]}]},{"@type":"BreadcrumbList","@id":"https:\/\/lemaconsult.com.br\/como-atuamos\/#breadcrumb","itemListElement":[{"@type":"ListItem","position":1,"name":"In\u00edcio","item":"https:\/\/lemaconsult.com.br\/"},{"@type":"ListItem","position":2,"name":"Como Atuamos"}]},{"@type":"WebSite","@id":"https:\/\/lemaconsult.com.br\/#website","url":"https:\/\/lemaconsult.com.br\/","name":"LEMA Consulting","description":"Escrit\u00f3rio de Relacionamento com o Setor P\u00fablico","publisher":{"@id":"https:\/\/lemaconsult.com.br\/#organization"},"potentialAction":[{"@type":"SearchAction","target":{"@type":"EntryPoint","urlTemplate":"https:\/\/lemaconsult.com.br\/?s={search_term_string}"},"query-input":"required name=search_term_string"}],"inLanguage":"en-US"},{"@type":"Organization","@id":"https:\/\/lemaconsult.com.br\/#organization","name":"LEMA Consulting","url":"https:\/\/lemaconsult.com.br\/","logo":{"@type":"ImageObject","inLanguage":"en-US","@id":"https:\/\/lemaconsult.com.br\/#\/schema\/logo\/image\/","url":"https:\/\/lemaconsult.com.br\/wp-content\/uploads\/2019\/07\/favicon.png","contentUrl":"https:\/\/lemaconsult.com.br\/wp-content\/uploads\/2019\/07\/favicon.png","width":423,"height":424,"caption":"LEMA Consultoria"},"image":{"@id":"https:\/\/lemaconsult.com.br\/#\/schema\/logo\/image\/"}}]}},"_links":{"self":[{"href":"https:\/\/lemaconsult.com.br\/en\/wp-json\/wp\/v2\/pages\/139"}],"collection":[{"href":"https:\/\/lemaconsult.com.br\/en\/wp-json\/wp\/v2\/pages"}],"about":[{"href":"https:\/\/lemaconsult.com.br\/en\/wp-json\/wp\/v2\/types\/page"}],"author":[{"embeddable":true,"href":"https:\/\/lemaconsult.com.br\/en\/wp-json\/wp\/v2\/users\/1"}],"replies":[{"embeddable":true,"href":"https:\/\/lemaconsult.com.br\/en\/wp-json\/wp\/v2\/comments?post=139"}],"version-history":[{"count":24,"href":"https:\/\/lemaconsult.com.br\/en\/wp-json\/wp\/v2\/pages\/139\/revisions"}],"predecessor-version":[{"id":287,"href":"https:\/\/lemaconsult.com.br\/en\/wp-json\/wp\/v2\/pages\/139\/revisions\/287"}],"wp:attachment":[{"href":"https:\/\/lemaconsult.com.br\/en\/wp-json\/wp\/v2\/media?parent=139"}],"curies":[{"name":"wp","href":"https:\/\/api.w.org\/{rel}","templated":true}]}}