{"id":12,"date":"2019-07-15T18:36:00","date_gmt":"2019-07-15T21:36:00","guid":{"rendered":"http:\/\/localhost\/jobs\/lemaconsult.com.br\/?page_id=12"},"modified":"2019-08-14T15:16:03","modified_gmt":"2019-08-14T18:16:03","slug":"quem-somos","status":"publish","type":"page","link":"https:\/\/lemaconsult.com.br\/en\/quem-somos\/","title":{"rendered":"Who We Are"},"content":{"rendered":"<div data-elementor-type=\"wp-post\" data-elementor-id=\"12\" class=\"elementor elementor-12\">\n\t\t\t\t\t\t<section class=\"elementor-section elementor-top-section elementor-element elementor-element-9e7309a elementor-section-boxed elementor-section-height-default elementor-section-height-default\" data-id=\"9e7309a\" data-element_type=\"section\">\n\t\t\t\t\t\t<div class=\"elementor-container elementor-column-gap-default\">\n\t\t\t\t\t<div class=\"elementor-column elementor-col-100 elementor-top-column elementor-element elementor-element-fc9d7f3\" data-id=\"fc9d7f3\" data-element_type=\"column\">\n\t\t\t<div class=\"elementor-widget-wrap elementor-element-populated\">\n\t\t\t\t\t\t<div class=\"elementor-element elementor-element-2859209 elementor-widget elementor-widget-text-editor\" data-id=\"2859209\" data-element_type=\"widget\" data-widget_type=\"text-editor.default\">\n\t\t\t\t<div class=\"elementor-widget-container\">\n\t\t\t\t\t\t\t<p class=\"MsoNormal\"><span lang=\"PT-BR\" style=\"font-size: 14.0pt;line-height: 107%\">LEMA was founded in June 2019 by Leandro Martins Alves, a long-time executive of multinational corporations such as Petrobras and Banco do Brasil.<\/span><\/p><p class=\"MsoNormal\"><span lang=\"PT-BR\" style=\"font-size: 14.0pt;line-height: 107%\">Leandro worked for Petrobras between 2016 and 2019, where he acted at an Executive Advisory role to the company\u2019s CEO. In this role, he was responsible for the government relations activities at the firm, including negotiating matters related to Petrobras\u2019 business plan and strengthening the company\u2019s institutional image.<\/span><\/p><p class=\"MsoNormal\"><span lang=\"PT-BR\" style=\"font-size: 14.0pt;line-height: 107%\">Leandro began his career at Banco do Brasil. Between 1982 to 2013, he held various senior executive roles in Brazil and in the United States. For instance, at Banco do Brasil, he occupied the positions of Executive Vice President (EVP) of Credit, Credit Recovery &amp; Human Resources, Managing Director of Government Relations, and Head of the bank\u2019s North American and Central American Operations.<\/span><\/p><p class=\"MsoNormal\"><span lang=\"PT-BR\" style=\"font-size: 14.0pt;line-height: 107%\">Leandro acted in senior executive roles at several of Banco do Brasil\u2019s subsidiaries. He is the former CEO and Vice-Chairman of BB Americas, an FDIC-insured bank headquartered in Miami, Florida. He also acted as the CFO of Companhia de Seguros Alian\u00e7a do Brasil, a life insurance company, and as the Chief Commercial Officer of BrasilPrev Seguros, an insurance company focused on providing private pension plans in Brazil.\u00a0 <\/span><\/p><p class=\"MsoNormal\"><span lang=\"PT-BR\" style=\"font-size: 14.0pt;line-height: 107%\">Upon retiring from Banco do Brasil, he served as a Managing Director of Desenvolve SP, the financial development agency for the State of S\u00e3o Paulo. He subsequently took on the CEO role at INFRA Asset Management, a private asset management company based in S\u00e3o Paulo.<\/span><\/p><p class=\"MsoNormal\"><span style=\"font-size: 14pt\">Leandro graduated from the University of Bras\u00edlia with a BS in Civil Engineering. He holds an MBA from the University of S\u00e3o Paulo.<\/span><\/p>\t\t\t\t\t\t<\/div>\n\t\t\t\t<\/div>\n\t\t\t\t\t<\/div>\n\t\t<\/div>\n\t\t\t\t\t<\/div>\n\t\t<\/section>\n\t\t\t\t<\/div>","protected":false},"excerpt":{"rendered":"<p>LEMA Consultoria foi criada em junho de 2019 por Leandro Martins Alves, um executivo com experi\u00eancia em grandes corpora\u00e7\u00f5es como Petrobras e Banco do Brasil. Leandro trabalhou para a Petrobras entre 2016 e 2019, onde atuou como Consultor do Presidente da Companhia. Nessa fun\u00e7\u00e3o, foi respons\u00e1vel pelas atividades de relacionamento governamental, incluindo negocia\u00e7\u00f5es de assuntos &hellip;<\/p>\n<p class=\"read-more\"> <a class=\"\" href=\"https:\/\/lemaconsult.com.br\/en\/quem-somos\/\"> <span class=\"screen-reader-text\">Who We Are<\/span> Read More &raquo;<\/a><\/p>","protected":false},"author":1,"featured_media":0,"parent":0,"menu_order":0,"comment_status":"closed","ping_status":"closed","template":"","meta":{"loftloader_page_shortcode":"","site-sidebar-layout":"no-sidebar","site-content-layout":"page-builder","ast-global-header-display":"","ast-main-header-display":"","ast-hfb-above-header-display":"","ast-hfb-below-header-display":"","ast-hfb-mobile-header-display":"","site-post-title":"disabled","ast-breadcrumbs-content":"","ast-featured-img":"disabled","footer-sml-layout":"","theme-transparent-header-meta":"enabled","adv-header-id-meta":"","stick-header-meta":"","header-above-stick-meta":"","header-main-stick-meta":"","header-below-stick-meta":""},"yoast_head":"<!-- This site is optimized with the Yoast SEO plugin v20.12 - https:\/\/yoast.com\/wordpress\/plugins\/seo\/ -->\n<title>Quem Somos - LEMA Consultoria<\/title>\n<meta name=\"robots\" content=\"index, follow, max-snippet:-1, max-image-preview:large, max-video-preview:-1\" \/>\n<link rel=\"canonical\" href=\"https:\/\/lemaconsult.com.br\/en\/quem-somos\/\" \/>\n<meta property=\"og:locale\" content=\"en_US\" \/>\n<meta property=\"og:type\" content=\"article\" \/>\n<meta property=\"og:title\" content=\"Quem Somos - LEMA Consultoria\" \/>\n<meta property=\"og:description\" content=\"LEMA Consultoria foi criada em junho de 2019 por Leandro Martins Alves, um executivo com experi\u00eancia em grandes corpora\u00e7\u00f5es como Petrobras e Banco do Brasil. Leandro trabalhou para a Petrobras entre 2016 e 2019, onde atuou como Consultor do Presidente da Companhia. Nessa fun\u00e7\u00e3o, foi respons\u00e1vel pelas atividades de relacionamento governamental, incluindo negocia\u00e7\u00f5es de assuntos &hellip; Quem Somos Read More &raquo;\" \/>\n<meta property=\"og:url\" content=\"https:\/\/lemaconsult.com.br\/en\/quem-somos\/\" \/>\n<meta property=\"og:site_name\" content=\"LEMA Consultoria\" \/>\n<meta property=\"article:modified_time\" content=\"2019-08-14T18:16:03+00:00\" \/>\n<meta name=\"twitter:card\" content=\"summary_large_image\" \/>\n<meta name=\"twitter:label1\" content=\"Est. reading time\" \/>\n\t<meta name=\"twitter:data1\" content=\"1 minute\" \/>\n<script type=\"application\/ld+json\" class=\"yoast-schema-graph\">{\"@context\":\"https:\/\/schema.org\",\"@graph\":[{\"@type\":\"WebPage\",\"@id\":\"https:\/\/lemaconsult.com.br\/quem-somos\/\",\"url\":\"https:\/\/lemaconsult.com.br\/quem-somos\/\",\"name\":\"Quem Somos - LEMA Consultoria\",\"isPartOf\":{\"@id\":\"https:\/\/lemaconsult.com.br\/#website\"},\"datePublished\":\"2019-07-15T21:36:00+00:00\",\"dateModified\":\"2019-08-14T18:16:03+00:00\",\"breadcrumb\":{\"@id\":\"https:\/\/lemaconsult.com.br\/quem-somos\/#breadcrumb\"},\"inLanguage\":\"en-US\",\"potentialAction\":[{\"@type\":\"ReadAction\",\"target\":[\"https:\/\/lemaconsult.com.br\/quem-somos\/\"]}]},{\"@type\":\"BreadcrumbList\",\"@id\":\"https:\/\/lemaconsult.com.br\/quem-somos\/#breadcrumb\",\"itemListElement\":[{\"@type\":\"ListItem\",\"position\":1,\"name\":\"In\u00edcio\",\"item\":\"https:\/\/lemaconsult.com.br\/\"},{\"@type\":\"ListItem\",\"position\":2,\"name\":\"Quem Somos\"}]},{\"@type\":\"WebSite\",\"@id\":\"https:\/\/lemaconsult.com.br\/#website\",\"url\":\"https:\/\/lemaconsult.com.br\/\",\"name\":\"LEMA Consultoria\",\"description\":\"Escrit\u00f3rio de Relacionamento com o Setor P\u00fablico\",\"publisher\":{\"@id\":\"https:\/\/lemaconsult.com.br\/#organization\"},\"potentialAction\":[{\"@type\":\"SearchAction\",\"target\":{\"@type\":\"EntryPoint\",\"urlTemplate\":\"https:\/\/lemaconsult.com.br\/?s={search_term_string}\"},\"query-input\":\"required name=search_term_string\"}],\"inLanguage\":\"en-US\"},{\"@type\":\"Organization\",\"@id\":\"https:\/\/lemaconsult.com.br\/#organization\",\"name\":\"LEMA Consultoria\",\"url\":\"https:\/\/lemaconsult.com.br\/\",\"logo\":{\"@type\":\"ImageObject\",\"inLanguage\":\"en-US\",\"@id\":\"https:\/\/lemaconsult.com.br\/#\/schema\/logo\/image\/\",\"url\":\"https:\/\/lemaconsult.com.br\/wp-content\/uploads\/2019\/07\/favicon.png\",\"contentUrl\":\"https:\/\/lemaconsult.com.br\/wp-content\/uploads\/2019\/07\/favicon.png\",\"width\":423,\"height\":424,\"caption\":\"LEMA Consultoria\"},\"image\":{\"@id\":\"https:\/\/lemaconsult.com.br\/#\/schema\/logo\/image\/\"}}]}<\/script>\n<!-- \/ Yoast SEO plugin. -->","yoast_head_json":{"title":"Quem Somos - LEMA Consultoria","robots":{"index":"index","follow":"follow","max-snippet":"max-snippet:-1","max-image-preview":"max-image-preview:large","max-video-preview":"max-video-preview:-1"},"canonical":"https:\/\/lemaconsult.com.br\/en\/quem-somos\/","og_locale":"en_US","og_type":"article","og_title":"Quem Somos - LEMA Consultoria","og_description":"LEMA Consultoria foi criada em junho de 2019 por Leandro Martins Alves, um executivo com experi\u00eancia em grandes corpora\u00e7\u00f5es como Petrobras e Banco do Brasil. Leandro trabalhou para a Petrobras entre 2016 e 2019, onde atuou como Consultor do Presidente da Companhia. Nessa fun\u00e7\u00e3o, foi respons\u00e1vel pelas atividades de relacionamento governamental, incluindo negocia\u00e7\u00f5es de assuntos &hellip; Quem Somos Read More &raquo;","og_url":"https:\/\/lemaconsult.com.br\/en\/quem-somos\/","og_site_name":"LEMA Consultoria","article_modified_time":"2019-08-14T18:16:03+00:00","twitter_card":"summary_large_image","twitter_misc":{"Est. reading time":"1 minute"},"schema":{"@context":"https:\/\/schema.org","@graph":[{"@type":"WebPage","@id":"https:\/\/lemaconsult.com.br\/quem-somos\/","url":"https:\/\/lemaconsult.com.br\/quem-somos\/","name":"Quem Somos - LEMA Consultoria","isPartOf":{"@id":"https:\/\/lemaconsult.com.br\/#website"},"datePublished":"2019-07-15T21:36:00+00:00","dateModified":"2019-08-14T18:16:03+00:00","breadcrumb":{"@id":"https:\/\/lemaconsult.com.br\/quem-somos\/#breadcrumb"},"inLanguage":"en-US","potentialAction":[{"@type":"ReadAction","target":["https:\/\/lemaconsult.com.br\/quem-somos\/"]}]},{"@type":"BreadcrumbList","@id":"https:\/\/lemaconsult.com.br\/quem-somos\/#breadcrumb","itemListElement":[{"@type":"ListItem","position":1,"name":"In\u00edcio","item":"https:\/\/lemaconsult.com.br\/"},{"@type":"ListItem","position":2,"name":"Quem Somos"}]},{"@type":"WebSite","@id":"https:\/\/lemaconsult.com.br\/#website","url":"https:\/\/lemaconsult.com.br\/","name":"LEMA Consulting","description":"Escrit\u00f3rio de Relacionamento com o Setor P\u00fablico","publisher":{"@id":"https:\/\/lemaconsult.com.br\/#organization"},"potentialAction":[{"@type":"SearchAction","target":{"@type":"EntryPoint","urlTemplate":"https:\/\/lemaconsult.com.br\/?s={search_term_string}"},"query-input":"required name=search_term_string"}],"inLanguage":"en-US"},{"@type":"Organization","@id":"https:\/\/lemaconsult.com.br\/#organization","name":"LEMA Consulting","url":"https:\/\/lemaconsult.com.br\/","logo":{"@type":"ImageObject","inLanguage":"en-US","@id":"https:\/\/lemaconsult.com.br\/#\/schema\/logo\/image\/","url":"https:\/\/lemaconsult.com.br\/wp-content\/uploads\/2019\/07\/favicon.png","contentUrl":"https:\/\/lemaconsult.com.br\/wp-content\/uploads\/2019\/07\/favicon.png","width":423,"height":424,"caption":"LEMA Consultoria"},"image":{"@id":"https:\/\/lemaconsult.com.br\/#\/schema\/logo\/image\/"}}]}},"_links":{"self":[{"href":"https:\/\/lemaconsult.com.br\/en\/wp-json\/wp\/v2\/pages\/12"}],"collection":[{"href":"https:\/\/lemaconsult.com.br\/en\/wp-json\/wp\/v2\/pages"}],"about":[{"href":"https:\/\/lemaconsult.com.br\/en\/wp-json\/wp\/v2\/types\/page"}],"author":[{"embeddable":true,"href":"https:\/\/lemaconsult.com.br\/en\/wp-json\/wp\/v2\/users\/1"}],"replies":[{"embeddable":true,"href":"https:\/\/lemaconsult.com.br\/en\/wp-json\/wp\/v2\/comments?post=12"}],"version-history":[{"count":14,"href":"https:\/\/lemaconsult.com.br\/en\/wp-json\/wp\/v2\/pages\/12\/revisions"}],"predecessor-version":[{"id":249,"href":"https:\/\/lemaconsult.com.br\/en\/wp-json\/wp\/v2\/pages\/12\/revisions\/249"}],"wp:attachment":[{"href":"https:\/\/lemaconsult.com.br\/en\/wp-json\/wp\/v2\/media?parent=12"}],"curies":[{"name":"wp","href":"https:\/\/api.w.org\/{rel}","templated":true}]}}